{"id":27,"date":"2023-08-07T21:12:14","date_gmt":"2023-08-07T21:12:14","guid":{"rendered":"https:\/\/arocapro.com\/?page_id=27"},"modified":"2026-03-12T18:05:42","modified_gmt":"2026-03-12T18:05:42","slug":"colecciones","status":"publish","type":"page","link":"https:\/\/arocapro.com\/en\/colecciones\/","title":{"rendered":"Collection"},"content":{"rendered":"<div class=\"passster-form\" id=\"ps-96\">\n    <form class=\"password-form\" method=\"post\" autocomplete=\"off\" target=\"_top\">\n        <h4>Acceso de invitado<\/h4>\n        <p>Este contenido est\u00e1 protegido con contrase\u00f1a. Para verlo por favor ingrese su contrase\u00f1a a continuaci\u00f3n:<\/p>\n        <fieldset>\n            <span class=\"ps-loader\"><img decoding=\"async\" src=\"https:\/\/arocapro.com\/wp-content\/plugins\/content-protector\/assets\/public\/ps-loader.svg\"\/><\/span>\n            <label for=\"passster_password\" style=\"display:none;\">Enter your password<\/label>\n            <input placeholder=\"Ingresa tu contrase\u00f1a..\" type=\"password\" tabindex=\"1\" name=\"passster_password\"\n                   id=\"passster_password\" class=\"passster-password\" autocomplete=\"off\"\n                   data-protection-type=\"password\" data-list=\"[PASSSTER_LIST]\" data-lists=\"[PASSSTER_LISTS]\" data-area=\"[PASSSTER_AREA]\"\n                   data-protection=\"full\">\n            \n            <button name=\"submit\" type=\"submit\" class=\"passster-submit\" data-psid=\"ps-96\" \n                    data-submit=\"...Checking Password\" data-redirect=\"\">Ingresar\n            <\/button>\n            <div class=\"passster-error\"><\/div>\n        <\/fieldset>\n    <\/form>\n<\/div>","protected":false},"excerpt":{"rendered":"<div class=\"passster-form\" id=\"ps-874\">\n<form class=\"password-form\" method=\"post\" autocomplete=\"off\" target=\"_top\">\n<h4>Acceso de invitado<\/h4>\n<p>Este contenido est\u00e1 protegido con contrase\u00f1a. Para verlo por favor ingrese su contrase\u00f1a a continuaci\u00f3n:<\/p>\n<fieldset>\n            <span class=\"ps-loader\"><img decoding=\"async\" src=\"https:\/\/arocapro.com\/wp-content\/plugins\/content-protector\/assets\/public\/ps-loader.svg\"\/><\/span><br \/>\n            <label for=\"passster_password\" style=\"display:none;\">Enter your password<\/label><br \/>\n            <input placeholder=\"Ingresa tu contrase\u00f1a..\" type=\"password\" tabindex=\"1\" name=\"passster_password\"\n                   id=\"passster_password\" class=\"passster-password\" autocomplete=\"off\"\n                   data-protection-type=\"password\" data-list=\"[PASSSTER_LIST]\" data-lists=\"[PASSSTER_LISTS]\" data-area=\"[PASSSTER_AREA]\"\n                   data-protection=\"full\"><\/p>\n<p>            <button name=\"submit\" type=\"submit\" class=\"passster-submit\" data-psid=\"ps-874\" \n                    data-submit=\"...Checking Password\" data-redirect=\"\">Ingresar<br \/>\n            <\/button><\/p>\n<div class=\"passster-error\"><\/div>\n<\/fieldset><\/form>\n<\/div>\n","protected":false},"author":1,"featured_media":0,"parent":0,"menu_order":0,"comment_status":"closed","ping_status":"closed","template":"","meta":{"passster_activate_protection":true,"passster_protect_child_pages":"","passster_protection_type":"password","passster_password":"coleccion2026","passster_activate_overwrite_defaults":"","passster_headline":"","passster_instruction":"","passster_placeholder":"","passster_button":"","passster_id":"","passster_activate_misc_settings":"","passster_redirect_url":"","passster_hide":"no","passster_area_shortcode":"[passster password=\"coleccion2026\" area=\"27\"]","_monsterinsights_skip_tracking":false,"_monsterinsights_sitenote_active":false,"_monsterinsights_sitenote_note":"","_monsterinsights_sitenote_category":0,"_uf_show_specific_survey":0,"_uf_disable_surveys":false,"_vp_format_video_url":"","_vp_image_focal_point":[],"footnotes":""},"class_list":["post-27","page","type-page","status-publish","hentry"],"aioseo_notices":[],"_links":{"self":[{"href":"https:\/\/arocapro.com\/en\/wp-json\/wp\/v2\/pages\/27","targetHints":{"allow":["GET"]}}],"collection":[{"href":"https:\/\/arocapro.com\/en\/wp-json\/wp\/v2\/pages"}],"about":[{"href":"https:\/\/arocapro.com\/en\/wp-json\/wp\/v2\/types\/page"}],"author":[{"embeddable":true,"href":"https:\/\/arocapro.com\/en\/wp-json\/wp\/v2\/users\/1"}],"replies":[{"embeddable":true,"href":"https:\/\/arocapro.com\/en\/wp-json\/wp\/v2\/comments?post=27"}],"version-history":[{"count":167,"href":"https:\/\/arocapro.com\/en\/wp-json\/wp\/v2\/pages\/27\/revisions"}],"predecessor-version":[{"id":552,"href":"https:\/\/arocapro.com\/en\/wp-json\/wp\/v2\/pages\/27\/revisions\/552"}],"wp:attachment":[{"href":"https:\/\/arocapro.com\/en\/wp-json\/wp\/v2\/media?parent=27"}],"curies":[{"name":"wp","href":"https:\/\/api.w.org\/{rel}","templated":true}]}}